{"id":259278,"date":"2024-07-04T19:51:54","date_gmt":"2024-07-05T01:51:54","guid":{"rendered":"https:\/\/luisromero.com\/?page_id=259278"},"modified":"2024-07-04T19:55:30","modified_gmt":"2024-07-05T01:55:30","slug":"legal-disclaimer","status":"publish","type":"page","link":"https:\/\/luisromero.com\/es\/legal-disclaimer\/","title":{"rendered":"Aviso legal"},"content":{"rendered":"<div data-elementor-type=\"wp-page\" data-elementor-id=\"259278\" class=\"elementor elementor-259278\" data-elementor-settings=\"{&quot;element_pack_global_tooltip_width&quot;:{&quot;unit&quot;:&quot;px&quot;,&quot;size&quot;:&quot;&quot;,&quot;sizes&quot;:[]},&quot;element_pack_global_tooltip_width_tablet&quot;:{&quot;unit&quot;:&quot;px&quot;,&quot;size&quot;:&quot;&quot;,&quot;sizes&quot;:[]},&quot;element_pack_global_tooltip_width_mobile&quot;:{&quot;unit&quot;:&quot;px&quot;,&quot;size&quot;:&quot;&quot;,&quot;sizes&quot;:[]},&quot;element_pack_global_tooltip_padding&quot;:{&quot;unit&quot;:&quot;px&quot;,&quot;top&quot;:&quot;&quot;,&quot;right&quot;:&quot;&quot;,&quot;bottom&quot;:&quot;&quot;,&quot;left&quot;:&quot;&quot;,&quot;isLinked&quot;:true},&quot;element_pack_global_tooltip_padding_tablet&quot;:{&quot;unit&quot;:&quot;px&quot;,&quot;top&quot;:&quot;&quot;,&quot;right&quot;:&quot;&quot;,&quot;bottom&quot;:&quot;&quot;,&quot;left&quot;:&quot;&quot;,&quot;isLinked&quot;:true},&quot;element_pack_global_tooltip_padding_mobile&quot;:{&quot;unit&quot;:&quot;px&quot;,&quot;top&quot;:&quot;&quot;,&quot;right&quot;:&quot;&quot;,&quot;bottom&quot;:&quot;&quot;,&quot;left&quot;:&quot;&quot;,&quot;isLinked&quot;:true},&quot;element_pack_global_tooltip_border_radius&quot;:{&quot;unit&quot;:&quot;px&quot;,&quot;top&quot;:&quot;&quot;,&quot;right&quot;:&quot;&quot;,&quot;bottom&quot;:&quot;&quot;,&quot;left&quot;:&quot;&quot;,&quot;isLinked&quot;:true},&quot;element_pack_global_tooltip_border_radius_tablet&quot;:{&quot;unit&quot;:&quot;px&quot;,&quot;top&quot;:&quot;&quot;,&quot;right&quot;:&quot;&quot;,&quot;bottom&quot;:&quot;&quot;,&quot;left&quot;:&quot;&quot;,&quot;isLinked&quot;:true},&quot;element_pack_global_tooltip_border_radius_mobile&quot;:{&quot;unit&quot;:&quot;px&quot;,&quot;top&quot;:&quot;&quot;,&quot;right&quot;:&quot;&quot;,&quot;bottom&quot;:&quot;&quot;,&quot;left&quot;:&quot;&quot;,&quot;isLinked&quot;:true}}\" data-elementor-post-type=\"page\">\n\t\t\t\t<div class=\"elementor-element elementor-element-343ce31 e-flex e-con-boxed e-con e-parent\" data-id=\"343ce31\" data-element_type=\"container\" data-e-type=\"container\" data-settings=\"{&quot;jet_parallax_layout_list&quot;:[]}\">\n\t\t\t\t\t<div class=\"e-con-inner\">\n\t\t\t\t<div class=\"elementor-element elementor-element-3f8216d text-center elementor-widget elementor-widget-tp-heading-title\" data-id=\"3f8216d\" data-element_type=\"widget\" data-e-type=\"widget\" data-widget_type=\"tp-heading-title.default\">\n\t\t\t\t<div class=\"elementor-widget-container\">\n\t\t\t\t\t<div class=\"heading heading_style heading_style69f376430038d style-1\"  data-tp-gsap-heading-text=\"\" data-tp-gsap-sub-heading-text=\"\"><div class=\"sub-style\" ><div class=\"head-title\" > <h1  class=\"heading-title\"  data-hover=\"Legal Disclaimer\">Aviso legal<span class=\"title-s\">  <\/span><\/h1><\/div><\/div><\/div>\t\t\t\t<\/div>\n\t\t\t\t<\/div>\n\t\t\t\t<div class=\"elementor-element elementor-element-4b19f42 elementor-widget elementor-widget-tp-adv-text-block\" data-id=\"4b19f42\" data-element_type=\"widget\" data-e-type=\"widget\" data-widget_type=\"tp-adv-text-block.default\">\n\t\t\t\t<div class=\"elementor-widget-container\">\n\t\t\t\t\t<div class=\"pt-plus-text-block-wrapper\" data-tp-gsap-textblock=\"\" ><div class=\"text_block_parallax\"><div class=\"pt_plus_adv_text_block\" ><div class=\"text-content-block\"><ol><li><b> DESCARGO DE RESPONSABILIDAD PROFESIONAL<\/b><\/li><\/ol><p><span style=\"font-weight: 400\">Los materiales y servicios disponibles en los sitios web de Luis Romero (<\/span><a href=\"https:\/\/luisromero.com\/es\/\"><span style=\"font-weight: 400\">https:\/\/luisromero.com<\/span><\/a><span style=\"font-weight: 400\"> y<\/span><a href=\"https:\/\/clandestinosgang.com\"> <span style=\"font-weight: 400\">https:\/\/clandestinosgang.com<\/span><\/a><span style=\"font-weight: 400\">) no pretenden proporcionar asesoramiento legal o profesional. Toda la informaci\u00f3n contenida en nuestros Sitios se ofrece \u00fanicamente con fines informativos y educativos. No sustituye al asesoramiento profesional. Recomendamos encarecidamente consultar a los profesionales pertinentes antes de emprender cualquier acci\u00f3n basada en la informaci\u00f3n contenida en nuestros Sitios.<\/span><\/p><ol start=\"2\"><li><b> DESCARGO DE RESPONSABILIDAD PARA ENLACES EXTERNOS<\/b><\/li><\/ol><p><span style=\"font-weight: 400\">Ocasionalmente, nuestros Sitios Web pueden incluir enlaces a sitios web externos y de terceros. Adem\u00e1s, nuestros Sitios web pueden mostrar anuncios y banners que contengan enlaces a sitios web, productos y servicios de terceros. No verificamos, controlamos, validamos, supervisamos ni revisamos la exactitud, adecuaci\u00f3n, validez, fiabilidad, disponibilidad o integridad de estos enlaces. No respaldamos, garantizamos ni asumimos responsabilidad alguna por la informaci\u00f3n o los productos ofrecidos por sitios web de terceros. Si decide hacer clic en estos enlaces y visitar un sitio web externo, usted es el \u00fanico responsable de sus acciones y de cualquier da\u00f1o o p\u00e9rdida resultante.<\/span><\/p><ol start=\"3\"><li><b> DESCARGO DE RESPONSABILIDAD<\/b><\/li><\/ol><p><span style=\"font-weight: 400\">Nuestros Sitios pueden incluir testimonios de usuarios reales de nuestros productos y\/o servicios. Estos testimonios reflejan las opiniones y experiencias genuinas de los usuarios. No pagamos ni alteramos estos testimonios; se presentan en nuestros Sitios web exactamente como los proporcionaron los usuarios, salvo peque\u00f1as correcciones de errores gramaticales o tipogr\u00e1ficos.<\/span><\/p><p><span style=\"font-weight: 400\">Por favor, comprenda que estos testimonios son espec\u00edficos de usuarios individuales y sus experiencias pueden no ser t\u00edpicas para todo el mundo que utilice el mismo producto y\/o servicio. Sus resultados personales pueden diferir.<\/span><\/p><p><span style=\"font-weight: 400\">Para cualquier consulta, p\u00f3ngase en contacto con nosotros en support @luisromero.com.<\/span><\/p><\/div><\/div><\/div><\/div>\t\t\t\t<\/div>\n\t\t\t\t<\/div>\n\t\t\t\t\t<\/div>\n\t\t\t\t<\/div>\n\t\t\t\t<\/div>","protected":false},"excerpt":{"rendered":"<p>Legal Disclaimer PROFESSIONAL DISCLAIMER The materials and services available on the Luis Romero websites (https:\/\/luisromero.com and https:\/\/clandestinosgang.com) are not intended to provide [&hellip;]<\/p>\n","protected":false},"author":3,"featured_media":0,"parent":0,"menu_order":0,"comment_status":"closed","ping_status":"closed","template":"","meta":{"_surecart_dashboard_logo_width":"180px","_surecart_dashboard_show_logo":true,"_surecart_dashboard_navigation_orders":true,"_surecart_dashboard_navigation_invoices":true,"_surecart_dashboard_navigation_subscriptions":true,"_surecart_dashboard_navigation_downloads":true,"_surecart_dashboard_navigation_billing":true,"_surecart_dashboard_navigation_account":true,"footnotes":""},"class_list":["post-259278","page","type-page","status-publish","hentry"],"_links":{"self":[{"href":"https:\/\/luisromero.com\/es\/wp-json\/wp\/v2\/pages\/259278","targetHints":{"allow":["GET"]}}],"collection":[{"href":"https:\/\/luisromero.com\/es\/wp-json\/wp\/v2\/pages"}],"about":[{"href":"https:\/\/luisromero.com\/es\/wp-json\/wp\/v2\/types\/page"}],"author":[{"embeddable":true,"href":"https:\/\/luisromero.com\/es\/wp-json\/wp\/v2\/users\/3"}],"replies":[{"embeddable":true,"href":"https:\/\/luisromero.com\/es\/wp-json\/wp\/v2\/comments?post=259278"}],"version-history":[{"count":7,"href":"https:\/\/luisromero.com\/es\/wp-json\/wp\/v2\/pages\/259278\/revisions"}],"predecessor-version":[{"id":259300,"href":"https:\/\/luisromero.com\/es\/wp-json\/wp\/v2\/pages\/259278\/revisions\/259300"}],"wp:attachment":[{"href":"https:\/\/luisromero.com\/es\/wp-json\/wp\/v2\/media?parent=259278"}],"curies":[{"name":"wp","href":"https:\/\/api.w.org\/{rel}","templated":true}]}}