{"id":259294,"date":"2024-07-04T19:58:23","date_gmt":"2024-07-05T01:58:23","guid":{"rendered":"https:\/\/luisromero.com\/?page_id=259294"},"modified":"2024-07-04T20:00:04","modified_gmt":"2024-07-05T02:00:04","slug":"refund-policy","status":"publish","type":"page","link":"https:\/\/luisromero.com\/es\/refund-policy\/","title":{"rendered":"Pol\u00edtica de reembolso"},"content":{"rendered":"<div data-elementor-type=\"wp-page\" data-elementor-id=\"259294\" class=\"elementor elementor-259294\" data-elementor-settings=\"{&quot;element_pack_global_tooltip_width&quot;:{&quot;unit&quot;:&quot;px&quot;,&quot;size&quot;:&quot;&quot;,&quot;sizes&quot;:[]},&quot;element_pack_global_tooltip_width_tablet&quot;:{&quot;unit&quot;:&quot;px&quot;,&quot;size&quot;:&quot;&quot;,&quot;sizes&quot;:[]},&quot;element_pack_global_tooltip_width_mobile&quot;:{&quot;unit&quot;:&quot;px&quot;,&quot;size&quot;:&quot;&quot;,&quot;sizes&quot;:[]},&quot;element_pack_global_tooltip_padding&quot;:{&quot;unit&quot;:&quot;px&quot;,&quot;top&quot;:&quot;&quot;,&quot;right&quot;:&quot;&quot;,&quot;bottom&quot;:&quot;&quot;,&quot;left&quot;:&quot;&quot;,&quot;isLinked&quot;:true},&quot;element_pack_global_tooltip_padding_tablet&quot;:{&quot;unit&quot;:&quot;px&quot;,&quot;top&quot;:&quot;&quot;,&quot;right&quot;:&quot;&quot;,&quot;bottom&quot;:&quot;&quot;,&quot;left&quot;:&quot;&quot;,&quot;isLinked&quot;:true},&quot;element_pack_global_tooltip_padding_mobile&quot;:{&quot;unit&quot;:&quot;px&quot;,&quot;top&quot;:&quot;&quot;,&quot;right&quot;:&quot;&quot;,&quot;bottom&quot;:&quot;&quot;,&quot;left&quot;:&quot;&quot;,&quot;isLinked&quot;:true},&quot;element_pack_global_tooltip_border_radius&quot;:{&quot;unit&quot;:&quot;px&quot;,&quot;top&quot;:&quot;&quot;,&quot;right&quot;:&quot;&quot;,&quot;bottom&quot;:&quot;&quot;,&quot;left&quot;:&quot;&quot;,&quot;isLinked&quot;:true},&quot;element_pack_global_tooltip_border_radius_tablet&quot;:{&quot;unit&quot;:&quot;px&quot;,&quot;top&quot;:&quot;&quot;,&quot;right&quot;:&quot;&quot;,&quot;bottom&quot;:&quot;&quot;,&quot;left&quot;:&quot;&quot;,&quot;isLinked&quot;:true},&quot;element_pack_global_tooltip_border_radius_mobile&quot;:{&quot;unit&quot;:&quot;px&quot;,&quot;top&quot;:&quot;&quot;,&quot;right&quot;:&quot;&quot;,&quot;bottom&quot;:&quot;&quot;,&quot;left&quot;:&quot;&quot;,&quot;isLinked&quot;:true}}\" data-elementor-post-type=\"page\">\n\t\t\t\t<div class=\"elementor-element elementor-element-84fffac e-flex e-con-boxed e-con e-parent\" data-id=\"84fffac\" data-element_type=\"container\" data-e-type=\"container\" data-settings=\"{&quot;jet_parallax_layout_list&quot;:[]}\">\n\t\t\t\t\t<div class=\"e-con-inner\">\n\t\t\t\t<div class=\"elementor-element elementor-element-7eb1b4b text-center elementor-widget elementor-widget-tp-heading-title\" data-id=\"7eb1b4b\" data-element_type=\"widget\" data-e-type=\"widget\" data-widget_type=\"tp-heading-title.default\">\n\t\t\t\t<div class=\"elementor-widget-container\">\n\t\t\t\t\t<div class=\"heading heading_style heading_style69ffa36a93d73 style-1\"  data-tp-gsap-heading-text=\"\" data-tp-gsap-sub-heading-text=\"\"><div class=\"sub-style\" ><div class=\"head-title\" > <h1  class=\"heading-title\"  data-hover=\"Refund Policy\">Pol\u00edtica de reembolso<span class=\"title-s\">  <\/span><\/h1><\/div><\/div><\/div>\t\t\t\t<\/div>\n\t\t\t\t<\/div>\n\t\t\t\t<div class=\"elementor-element elementor-element-645514c elementor-widget elementor-widget-tp-adv-text-block\" data-id=\"645514c\" data-element_type=\"widget\" data-e-type=\"widget\" data-widget_type=\"tp-adv-text-block.default\">\n\t\t\t\t<div class=\"elementor-widget-container\">\n\t\t\t\t\t<div class=\"pt-plus-text-block-wrapper\" data-tp-gsap-textblock=\"\" ><div class=\"text_block_parallax\"><div class=\"pt_plus_adv_text_block\" ><div class=\"text-content-block\"><ol><li><b> TRANSACCIONES Y PAGOS<\/b><\/li><\/ol><p><span style=\"font-weight: 400\">Todas las transacciones para la compra de productos intangibles, como descargas de PDF, materiales de recursos y contenidos en l\u00ednea, se procesan a trav\u00e9s de pasarelas de pago seguras que incluyen Stripe, PayPal y tarjetas de cr\u00e9dito\/d\u00e9bito. Estas pasarelas de pago son seguras para utilizar todo tipo de tarjetas de cr\u00e9dito y d\u00e9bito en diferentes pa\u00edses, y sus datos no se almacenan durante este proceso.<\/span><\/p><ol start=\"2\"><li><b> POL\u00cdTICA DE NO DEVOLUCI\u00d3N<\/b><\/li><\/ol><p><span style=\"font-weight: 400\">Dado que su compra es un producto digital, se considera \"usado\" tras su descarga o apertura. Como tal, todas las compras realizadas en<\/span><a href=\"https:\/\/luisromero.com\/es\/\"> <span style=\"font-weight: 400\">www.luisromero.com<\/span><\/a><span style=\"font-weight: 400\"> y<\/span><a href=\"http:\/\/www.clandestinosgang.com\"> <span style=\"font-weight: 400\">www.clandestinosgang.com<\/span><\/a><span style=\"font-weight: 400\"> no son reembolsables ni pueden cambiarse. Debido a la naturaleza intangible de los productos disponibles, aplicamos una estricta pol\u00edtica de no devoluci\u00f3n.<\/span><\/p><ol start=\"3\"><li><b> CAMBIOS Y MODIFICACIONES<\/b><\/li><\/ol><p><span style=\"font-weight: 400\">Luis Romero se reserva el derecho de modificar cualquier informaci\u00f3n, incluyendo pero no limitado a precios, especificaciones t\u00e9cnicas, condiciones de compra y ofertas de productos o servicios sin previo aviso.<\/span><\/p><ol start=\"4\"><li><b> ENTREGA DE BIENES Y SERVICIOS<\/b><\/li><\/ol><p><span style=\"font-weight: 400\">Si no ha recibido el enlace del producto digital al realizar la compra, p\u00f3ngase en contacto con nosotros inmediatamente en support @luisromero.com con los datos de su transacci\u00f3n\/pago. Nos aseguraremos de que reciba su producto lo antes posible.<\/span><\/p><\/div><\/div><\/div><\/div>\t\t\t\t<\/div>\n\t\t\t\t<\/div>\n\t\t\t\t\t<\/div>\n\t\t\t\t<\/div>\n\t\t\t\t<\/div>","protected":false},"excerpt":{"rendered":"<p>Refund Policy TRANSACTIONS AND PAYMENT All transactions for the purchase of intangible products, such as PDF downloads, resource materials, and online content, [&hellip;]<\/p>\n","protected":false},"author":3,"featured_media":0,"parent":0,"menu_order":0,"comment_status":"closed","ping_status":"closed","template":"","meta":{"_surecart_dashboard_logo_width":"180px","_surecart_dashboard_show_logo":true,"_surecart_dashboard_navigation_orders":true,"_surecart_dashboard_navigation_invoices":true,"_surecart_dashboard_navigation_subscriptions":true,"_surecart_dashboard_navigation_downloads":true,"_surecart_dashboard_navigation_billing":true,"_surecart_dashboard_navigation_account":true,"footnotes":""},"class_list":["post-259294","page","type-page","status-publish","hentry"],"_links":{"self":[{"href":"https:\/\/luisromero.com\/es\/wp-json\/wp\/v2\/pages\/259294","targetHints":{"allow":["GET"]}}],"collection":[{"href":"https:\/\/luisromero.com\/es\/wp-json\/wp\/v2\/pages"}],"about":[{"href":"https:\/\/luisromero.com\/es\/wp-json\/wp\/v2\/types\/page"}],"author":[{"embeddable":true,"href":"https:\/\/luisromero.com\/es\/wp-json\/wp\/v2\/users\/3"}],"replies":[{"embeddable":true,"href":"https:\/\/luisromero.com\/es\/wp-json\/wp\/v2\/comments?post=259294"}],"version-history":[{"count":4,"href":"https:\/\/luisromero.com\/es\/wp-json\/wp\/v2\/pages\/259294\/revisions"}],"predecessor-version":[{"id":259307,"href":"https:\/\/luisromero.com\/es\/wp-json\/wp\/v2\/pages\/259294\/revisions\/259307"}],"wp:attachment":[{"href":"https:\/\/luisromero.com\/es\/wp-json\/wp\/v2\/media?parent=259294"}],"curies":[{"name":"wp","href":"https:\/\/api.w.org\/{rel}","templated":true}]}}